{"id":2630,"date":"2023-08-31T18:59:07","date_gmt":"2023-08-31T21:59:07","guid":{"rendered":"https:\/\/crb1.org.br\/site\/?page_id=2630"},"modified":"2023-09-13T09:06:12","modified_gmt":"2023-09-13T12:06:12","slug":"boletim-crb-1","status":"publish","type":"page","link":"https:\/\/crb1.org.br\/site\/boletim-crb-1\/","title":{"rendered":"Boletim CRB-1"},"content":{"rendered":"\t\t<div data-elementor-type=\"wp-page\" data-elementor-id=\"2630\" class=\"elementor elementor-2630\" data-elementor-settings=\"{&quot;ha_cmc_init_switcher&quot;:&quot;no&quot;}\" data-elementor-post-type=\"page\">\n\t\t\t\t\t\t<section class=\"elementor-section elementor-top-section elementor-element elementor-element-7327d11 elementor-section-height-min-height elementor-section-boxed elementor-section-height-default elementor-section-items-middle\" data-id=\"7327d11\" data-element_type=\"section\" data-e-type=\"section\" data-settings=\"{&quot;background_background&quot;:&quot;classic&quot;,&quot;_ha_eqh_enable&quot;:false}\">\n\t\t\t\t\t\t\t<div class=\"elementor-background-overlay\"><\/div>\n\t\t\t\t\t\t\t<div class=\"elementor-container elementor-column-gap-default\">\n\t\t\t\t\t<div class=\"elementor-column elementor-col-100 elementor-top-column elementor-element elementor-element-d65cb7e\" data-id=\"d65cb7e\" data-element_type=\"column\" data-e-type=\"column\">\n\t\t\t<div class=\"elementor-widget-wrap elementor-element-populated\">\n\t\t\t\t\t\t<div class=\"elementor-element elementor-element-411d481 elementor-widget elementor-widget-heading\" data-id=\"411d481\" data-element_type=\"widget\" data-e-type=\"widget\" data-widget_type=\"heading.default\">\n\t\t\t\t<div class=\"elementor-widget-container\">\n\t\t\t\t\t<h1 class=\"elementor-heading-title elementor-size-default\">Boletim CRB-1<\/h1>\t\t\t\t<\/div>\n\t\t\t\t<\/div>\n\t\t\t\t\t<\/div>\n\t\t<\/div>\n\t\t\t\t\t<\/div>\n\t\t<\/section>\n\t\t\t\t<section class=\"elementor-section elementor-top-section elementor-element elementor-element-a71886e elementor-section-height-min-height elementor-section-boxed elementor-section-height-default elementor-section-items-middle\" data-id=\"a71886e\" data-element_type=\"section\" data-e-type=\"section\" data-settings=\"{&quot;background_background&quot;:&quot;classic&quot;,&quot;_ha_eqh_enable&quot;:false}\">\n\t\t\t\t\t\t\t<div class=\"elementor-background-overlay\"><\/div>\n\t\t\t\t\t\t\t<div class=\"elementor-container elementor-column-gap-default\">\n\t\t\t\t\t<div class=\"elementor-column elementor-col-100 elementor-top-column elementor-element elementor-element-795b609\" data-id=\"795b609\" data-element_type=\"column\" data-e-type=\"column\">\n\t\t\t<div class=\"elementor-widget-wrap elementor-element-populated\">\n\t\t\t\t\t\t<div class=\"elementor-element elementor-element-f7560fd elementor-widget elementor-widget-heading\" data-id=\"f7560fd\" data-element_type=\"widget\" data-e-type=\"widget\" data-widget_type=\"heading.default\">\n\t\t\t\t<div class=\"elementor-widget-container\">\n\t\t\t\t\t<h2 class=\"elementor-heading-title elementor-size-default\"> informa\u00e7\u00f5es relevantes \u00e0s Bibliotec\u00e1rias e Bibliotec\u00e1rios da nossa jurisdi\u00e7\u00e3o.<\/h2>\t\t\t\t<\/div>\n\t\t\t\t<\/div>\n\t\t\t\t\t<\/div>\n\t\t<\/div>\n\t\t\t\t\t<\/div>\n\t\t<\/section>\n\t\t<div class=\"elementor-element elementor-element-c5c1886 e-flex e-con-boxed e-con e-parent\" data-id=\"c5c1886\" data-element_type=\"container\" data-e-type=\"container\" id=\"desligamentos\" data-settings=\"{&quot;_ha_eqh_enable&quot;:false}\">\n\t\t\t\t\t<div class=\"e-con-inner\">\n\t\t\t\t<div class=\"elementor-element elementor-element-fde0df8 elementor-widget elementor-widget-text-editor\" data-id=\"fde0df8\" data-element_type=\"widget\" data-e-type=\"widget\" data-widget_type=\"text-editor.default\">\n\t\t\t\t<div class=\"elementor-widget-container\">\n\t\t\t\t\t\t\t\t\t<p>O Conselho Regional de Bibloteconomia da 1\u00aa Regi\u00e3o (CRB-1) lan\u00e7a o Boletim CRB-1. Este espa\u00e7o contar\u00e1 com as principais a\u00e7\u00f5es realizadas pelo CRB-1, bem como informa\u00e7\u00f5es relevantes \u00e0s Bibliotec\u00e1rias e Bibliotec\u00e1rios da nossa jurisdi\u00e7\u00e3o.<\/p><p>A newsletter tem publica\u00e7\u00e3o mensal, mas tamb\u00e9m podem surgir n\u00fameros excepcionais, sempre que for necess\u00e1rio. Voc\u00ea, leitor, pode sugerir pauta para que possamos divulgar aqui, como a realiza\u00e7\u00e3o de eventos, feiras culturais, entre outras modalidades que achar interessante.<\/p>\t\t\t\t\t\t\t\t<\/div>\n\t\t\t\t<\/div>\n\t\t\t\t\t<\/div>\n\t\t\t\t<\/div>\n\t\t<div class=\"elementor-element elementor-element-8f4798a e-flex e-con-boxed e-con e-parent\" data-id=\"8f4798a\" data-element_type=\"container\" data-e-type=\"container\" data-settings=\"{&quot;_ha_eqh_enable&quot;:false}\">\n\t\t\t\t\t<div class=\"e-con-inner\">\n\t\t\t\t<div class=\"elementor-element elementor-element-b550f7f elementor-grid-3 elementor-grid-tablet-2 elementor-grid-mobile-1 elementor-widget elementor-widget-loop-grid\" data-id=\"b550f7f\" data-element_type=\"widget\" data-e-type=\"widget\" data-settings=\"{&quot;template_id&quot;:7552,&quot;_skin&quot;:&quot;post&quot;,&quot;columns&quot;:&quot;3&quot;,&quot;columns_tablet&quot;:&quot;2&quot;,&quot;columns_mobile&quot;:&quot;1&quot;,&quot;edit_handle_selector&quot;:&quot;[data-elementor-type=\\&quot;loop-item\\&quot;]&quot;,&quot;row_gap&quot;:{&quot;unit&quot;:&quot;px&quot;,&quot;size&quot;:&quot;&quot;,&quot;sizes&quot;:[]},&quot;row_gap_tablet&quot;:{&quot;unit&quot;:&quot;px&quot;,&quot;size&quot;:&quot;&quot;,&quot;sizes&quot;:[]},&quot;row_gap_mobile&quot;:{&quot;unit&quot;:&quot;px&quot;,&quot;size&quot;:&quot;&quot;,&quot;sizes&quot;:[]}}\" data-widget_type=\"loop-grid.post\">\n\t\t\t\t<div class=\"elementor-widget-container\">\n\t\t\t\t\t\t\t<div class=\"elementor-loop-container elementor-grid\" role=\"list\">\n\t\t<style id=\"loop-7552\">.elementor-7552 .elementor-element.elementor-element-a263028{--display:flex;--flex-direction:column;--container-widget-width:100%;--container-widget-height:initial;--container-widget-flex-grow:0;--container-widget-align-self:initial;--flex-wrap-mobile:wrap;--border-radius:15px 15px 15px 15px;--padding-top:20px;--padding-bottom:20px;--padding-left:0px;--padding-right:0px;}.elementor-7552 .elementor-element.elementor-element-a263028:not(.elementor-motion-effects-element-type-background), .elementor-7552 .elementor-element.elementor-element-a263028 > .elementor-motion-effects-container > .elementor-motion-effects-layer{background-color:#FFFFFF;}.elementor-7552 .elementor-element.elementor-element-b6f87b6{text-align:center;}.elementor-7552 .elementor-element.elementor-element-b6f87b6 .elementor-heading-title{font-family:\"Montserrat\", Sans-serif;font-size:12px;font-weight:600;}.elementor-7552 .elementor-element.elementor-element-e78e9b3 > .elementor-widget-container{margin:-50px 0px 0px 0px;}.elementor-7552 .elementor-element.elementor-element-e78e9b3{width:var( --container-widget-width, 210px );max-width:210px;--container-widget-width:210px;--container-widget-flex-grow:0;}.elementor-7552 .elementor-element.elementor-element-e78e9b3.elementor-element{--align-self:center;--flex-grow:0;--flex-shrink:0;}<\/style>\t\t<div data-elementor-type=\"loop-item\" data-elementor-id=\"7552\" class=\"elementor elementor-7552 e-loop-item e-loop-item-7629 post-7629 boletim type-boletim status-publish hentry\" data-elementor-settings=\"{&quot;ha_cmc_init_switcher&quot;:&quot;no&quot;}\" data-elementor-post-type=\"elementor_library\" data-custom-edit-handle=\"1\">\n\t\t\t<div class=\"elementor-element elementor-element-a263028 e-flex e-con-boxed e-con e-parent\" data-id=\"a263028\" data-element_type=\"container\" data-e-type=\"container\" data-settings=\"{&quot;background_background&quot;:&quot;classic&quot;,&quot;_ha_eqh_enable&quot;:false}\">\n\t\t\t\t\t<div class=\"e-con-inner\">\n\t\t\t\t<div class=\"elementor-element elementor-element-b6f87b6 elementor-widget elementor-widget-theme-post-title elementor-page-title elementor-widget-heading\" data-id=\"b6f87b6\" data-element_type=\"widget\" data-e-type=\"widget\" data-widget_type=\"theme-post-title.default\">\n\t\t\t\t<div class=\"elementor-widget-container\">\n\t\t\t\t\t<h1 class=\"elementor-heading-title elementor-size-default\">Ano 01, n. 06\/jun. 2023<\/h1>\t\t\t\t<\/div>\n\t\t\t\t<\/div>\n\t\t\t\t<div class=\"elementor-element elementor-element-e78e9b3 elementor-widget__width-initial elementor-widget elementor-widget-shortcode\" data-id=\"e78e9b3\" data-element_type=\"widget\" data-e-type=\"widget\" data-widget_type=\"shortcode.default\">\n\t\t\t\t<div class=\"elementor-widget-container\">\n\t\t\t\t\t\t\t<div class=\"elementor-shortcode\"><p><center><br \/>\n<a href=\"https:\/\/crb1.org.br\/site\/wp-content\/uploads\/2023\/09\/boletim_crb-1_ano_01_n._06_2023.pdf\" target=\"_blank\"><br \/>\n<img decoding=\"async\" src=\"https:\/\/crb1.org.br\/site\/wp-content\/uploads\/2023\/09\/pdf.png\" \/><br \/>\n<\/a><\/p>\n<p><a class=\"elementor-button elementor-button-link elementor-size-sm\" href=\"https:\/\/crb1.org.br\/site\/wp-content\/uploads\/2023\/09\/boletim_crb-1_ano_01_n._06_2023.pdf\" target=\"_blank\">VER BOLETIM<\/a><br \/>\n<\/center><\/p>\n<\/div>\n\t\t\t\t\t\t<\/div>\n\t\t\t\t<\/div>\n\t\t\t\t\t<\/div>\n\t\t\t\t<\/div>\n\t\t\t\t<\/div>\n\t\t\t\t<div data-elementor-type=\"loop-item\" data-elementor-id=\"7552\" class=\"elementor elementor-7552 e-loop-item e-loop-item-7628 post-7628 boletim type-boletim status-publish hentry\" data-elementor-settings=\"{&quot;ha_cmc_init_switcher&quot;:&quot;no&quot;}\" data-elementor-post-type=\"elementor_library\" data-custom-edit-handle=\"1\">\n\t\t\t<div class=\"elementor-element elementor-element-a263028 e-flex e-con-boxed e-con e-parent\" data-id=\"a263028\" data-element_type=\"container\" data-e-type=\"container\" data-settings=\"{&quot;background_background&quot;:&quot;classic&quot;,&quot;_ha_eqh_enable&quot;:false}\">\n\t\t\t\t\t<div class=\"e-con-inner\">\n\t\t\t\t<div class=\"elementor-element elementor-element-b6f87b6 elementor-widget elementor-widget-theme-post-title elementor-page-title elementor-widget-heading\" data-id=\"b6f87b6\" data-element_type=\"widget\" data-e-type=\"widget\" data-widget_type=\"theme-post-title.default\">\n\t\t\t\t<div class=\"elementor-widget-container\">\n\t\t\t\t\t<h1 class=\"elementor-heading-title elementor-size-default\">Ano 01, n. 05\/mai. 2023<\/h1>\t\t\t\t<\/div>\n\t\t\t\t<\/div>\n\t\t\t\t<div class=\"elementor-element elementor-element-e78e9b3 elementor-widget__width-initial elementor-widget elementor-widget-shortcode\" data-id=\"e78e9b3\" data-element_type=\"widget\" data-e-type=\"widget\" data-widget_type=\"shortcode.default\">\n\t\t\t\t<div class=\"elementor-widget-container\">\n\t\t\t\t\t\t\t<div class=\"elementor-shortcode\"><p><center><br \/>\n<a href=\"https:\/\/crb1.org.br\/site\/wp-content\/uploads\/2023\/09\/boletim_crb-1_ano_01_n._05_2023.pdf\" target=\"_blank\"><br \/>\n<img decoding=\"async\" src=\"https:\/\/crb1.org.br\/site\/wp-content\/uploads\/2023\/09\/pdf.png\" \/><br \/>\n<\/a><\/p>\n<p><a class=\"elementor-button elementor-button-link elementor-size-sm\" href=\"https:\/\/crb1.org.br\/site\/wp-content\/uploads\/2023\/09\/boletim_crb-1_ano_01_n._05_2023.pdf\" target=\"_blank\">VER BOLETIM<\/a><br \/>\n<\/center><\/p>\n<\/div>\n\t\t\t\t\t\t<\/div>\n\t\t\t\t<\/div>\n\t\t\t\t\t<\/div>\n\t\t\t\t<\/div>\n\t\t\t\t<\/div>\n\t\t\t\t<div data-elementor-type=\"loop-item\" data-elementor-id=\"7552\" class=\"elementor elementor-7552 e-loop-item e-loop-item-7627 post-7627 boletim type-boletim status-publish hentry\" data-elementor-settings=\"{&quot;ha_cmc_init_switcher&quot;:&quot;no&quot;}\" data-elementor-post-type=\"elementor_library\" data-custom-edit-handle=\"1\">\n\t\t\t<div class=\"elementor-element elementor-element-a263028 e-flex e-con-boxed e-con e-parent\" data-id=\"a263028\" data-element_type=\"container\" data-e-type=\"container\" data-settings=\"{&quot;background_background&quot;:&quot;classic&quot;,&quot;_ha_eqh_enable&quot;:false}\">\n\t\t\t\t\t<div class=\"e-con-inner\">\n\t\t\t\t<div class=\"elementor-element elementor-element-b6f87b6 elementor-widget elementor-widget-theme-post-title elementor-page-title elementor-widget-heading\" data-id=\"b6f87b6\" data-element_type=\"widget\" data-e-type=\"widget\" data-widget_type=\"theme-post-title.default\">\n\t\t\t\t<div class=\"elementor-widget-container\">\n\t\t\t\t\t<h1 class=\"elementor-heading-title elementor-size-default\">Ano 01, n. 04\/abr. 2023<\/h1>\t\t\t\t<\/div>\n\t\t\t\t<\/div>\n\t\t\t\t<div class=\"elementor-element elementor-element-e78e9b3 elementor-widget__width-initial elementor-widget elementor-widget-shortcode\" data-id=\"e78e9b3\" data-element_type=\"widget\" data-e-type=\"widget\" data-widget_type=\"shortcode.default\">\n\t\t\t\t<div class=\"elementor-widget-container\">\n\t\t\t\t\t\t\t<div class=\"elementor-shortcode\"><p><center><br \/>\n<a href=\"https:\/\/crb1.org.br\/site\/wp-content\/uploads\/2023\/09\/boletim_crb-1_ano_01_n._04_2023.pdf\" target=\"_blank\"><br \/>\n<img decoding=\"async\" src=\"https:\/\/crb1.org.br\/site\/wp-content\/uploads\/2023\/09\/pdf.png\" \/><br \/>\n<\/a><\/p>\n<p><a class=\"elementor-button elementor-button-link elementor-size-sm\" href=\"https:\/\/crb1.org.br\/site\/wp-content\/uploads\/2023\/09\/boletim_crb-1_ano_01_n._04_2023.pdf\" target=\"_blank\">VER BOLETIM<\/a><br \/>\n<\/center><\/p>\n<\/div>\n\t\t\t\t\t\t<\/div>\n\t\t\t\t<\/div>\n\t\t\t\t\t<\/div>\n\t\t\t\t<\/div>\n\t\t\t\t<\/div>\n\t\t\t\t<div data-elementor-type=\"loop-item\" data-elementor-id=\"7552\" class=\"elementor elementor-7552 e-loop-item e-loop-item-7626 post-7626 boletim type-boletim status-publish hentry\" data-elementor-settings=\"{&quot;ha_cmc_init_switcher&quot;:&quot;no&quot;}\" data-elementor-post-type=\"elementor_library\" data-custom-edit-handle=\"1\">\n\t\t\t<div class=\"elementor-element elementor-element-a263028 e-flex e-con-boxed e-con e-parent\" data-id=\"a263028\" data-element_type=\"container\" data-e-type=\"container\" data-settings=\"{&quot;background_background&quot;:&quot;classic&quot;,&quot;_ha_eqh_enable&quot;:false}\">\n\t\t\t\t\t<div class=\"e-con-inner\">\n\t\t\t\t<div class=\"elementor-element elementor-element-b6f87b6 elementor-widget elementor-widget-theme-post-title elementor-page-title elementor-widget-heading\" data-id=\"b6f87b6\" data-element_type=\"widget\" data-e-type=\"widget\" data-widget_type=\"theme-post-title.default\">\n\t\t\t\t<div class=\"elementor-widget-container\">\n\t\t\t\t\t<h1 class=\"elementor-heading-title elementor-size-default\">Ano 01, n. 03\/mar. 2023<\/h1>\t\t\t\t<\/div>\n\t\t\t\t<\/div>\n\t\t\t\t<div class=\"elementor-element elementor-element-e78e9b3 elementor-widget__width-initial elementor-widget elementor-widget-shortcode\" data-id=\"e78e9b3\" data-element_type=\"widget\" data-e-type=\"widget\" data-widget_type=\"shortcode.default\">\n\t\t\t\t<div class=\"elementor-widget-container\">\n\t\t\t\t\t\t\t<div class=\"elementor-shortcode\"><p><center><br \/>\n<a href=\"https:\/\/crb1.org.br\/site\/wp-content\/uploads\/2023\/09\/boletim_crb-1_ano_01_n._03_2023.pdf\" target=\"_blank\"><br \/>\n<img decoding=\"async\" src=\"https:\/\/crb1.org.br\/site\/wp-content\/uploads\/2023\/09\/pdf.png\" \/><br \/>\n<\/a><\/p>\n<p><a class=\"elementor-button elementor-button-link elementor-size-sm\" href=\"https:\/\/crb1.org.br\/site\/wp-content\/uploads\/2023\/09\/boletim_crb-1_ano_01_n._03_2023.pdf\" target=\"_blank\">VER BOLETIM<\/a><br \/>\n<\/center><\/p>\n<\/div>\n\t\t\t\t\t\t<\/div>\n\t\t\t\t<\/div>\n\t\t\t\t\t<\/div>\n\t\t\t\t<\/div>\n\t\t\t\t<\/div>\n\t\t\t\t<div data-elementor-type=\"loop-item\" data-elementor-id=\"7552\" class=\"elementor elementor-7552 e-loop-item e-loop-item-7625 post-7625 boletim type-boletim status-publish hentry\" data-elementor-settings=\"{&quot;ha_cmc_init_switcher&quot;:&quot;no&quot;}\" data-elementor-post-type=\"elementor_library\" data-custom-edit-handle=\"1\">\n\t\t\t<div class=\"elementor-element elementor-element-a263028 e-flex e-con-boxed e-con e-parent\" data-id=\"a263028\" data-element_type=\"container\" data-e-type=\"container\" data-settings=\"{&quot;background_background&quot;:&quot;classic&quot;,&quot;_ha_eqh_enable&quot;:false}\">\n\t\t\t\t\t<div class=\"e-con-inner\">\n\t\t\t\t<div class=\"elementor-element elementor-element-b6f87b6 elementor-widget elementor-widget-theme-post-title elementor-page-title elementor-widget-heading\" data-id=\"b6f87b6\" data-element_type=\"widget\" data-e-type=\"widget\" data-widget_type=\"theme-post-title.default\">\n\t\t\t\t<div class=\"elementor-widget-container\">\n\t\t\t\t\t<h1 class=\"elementor-heading-title elementor-size-default\">Ano 01, n. 02\/fev. 2023<\/h1>\t\t\t\t<\/div>\n\t\t\t\t<\/div>\n\t\t\t\t<div class=\"elementor-element elementor-element-e78e9b3 elementor-widget__width-initial elementor-widget elementor-widget-shortcode\" data-id=\"e78e9b3\" data-element_type=\"widget\" data-e-type=\"widget\" data-widget_type=\"shortcode.default\">\n\t\t\t\t<div class=\"elementor-widget-container\">\n\t\t\t\t\t\t\t<div class=\"elementor-shortcode\"><p><center><br \/>\n<a href=\"https:\/\/crb1.org.br\/site\/wp-content\/uploads\/2023\/09\/boletim_crb-1_ano_01_n._02_2023.pdf\" target=\"_blank\"><br \/>\n<img decoding=\"async\" src=\"https:\/\/crb1.org.br\/site\/wp-content\/uploads\/2023\/09\/pdf.png\" \/><br \/>\n<\/a><\/p>\n<p><a class=\"elementor-button elementor-button-link elementor-size-sm\" href=\"https:\/\/crb1.org.br\/site\/wp-content\/uploads\/2023\/09\/boletim_crb-1_ano_01_n._02_2023.pdf\" target=\"_blank\">VER BOLETIM<\/a><br \/>\n<\/center><\/p>\n<\/div>\n\t\t\t\t\t\t<\/div>\n\t\t\t\t<\/div>\n\t\t\t\t\t<\/div>\n\t\t\t\t<\/div>\n\t\t\t\t<\/div>\n\t\t\t\t<div data-elementor-type=\"loop-item\" data-elementor-id=\"7552\" class=\"elementor elementor-7552 e-loop-item e-loop-item-7544 post-7544 boletim type-boletim status-publish hentry\" data-elementor-settings=\"{&quot;ha_cmc_init_switcher&quot;:&quot;no&quot;}\" data-elementor-post-type=\"elementor_library\" data-custom-edit-handle=\"1\">\n\t\t\t<div class=\"elementor-element elementor-element-a263028 e-flex e-con-boxed e-con e-parent\" data-id=\"a263028\" data-element_type=\"container\" data-e-type=\"container\" data-settings=\"{&quot;background_background&quot;:&quot;classic&quot;,&quot;_ha_eqh_enable&quot;:false}\">\n\t\t\t\t\t<div class=\"e-con-inner\">\n\t\t\t\t<div class=\"elementor-element elementor-element-b6f87b6 elementor-widget elementor-widget-theme-post-title elementor-page-title elementor-widget-heading\" data-id=\"b6f87b6\" data-element_type=\"widget\" data-e-type=\"widget\" data-widget_type=\"theme-post-title.default\">\n\t\t\t\t<div class=\"elementor-widget-container\">\n\t\t\t\t\t<h1 class=\"elementor-heading-title elementor-size-default\">Ano 01, n. 01\/jan. 2023<\/h1>\t\t\t\t<\/div>\n\t\t\t\t<\/div>\n\t\t\t\t<div class=\"elementor-element elementor-element-e78e9b3 elementor-widget__width-initial elementor-widget elementor-widget-shortcode\" data-id=\"e78e9b3\" data-element_type=\"widget\" data-e-type=\"widget\" data-widget_type=\"shortcode.default\">\n\t\t\t\t<div class=\"elementor-widget-container\">\n\t\t\t\t\t\t\t<div class=\"elementor-shortcode\"><p><center><br \/>\n<a href=\"https:\/\/crb1.org.br\/site\/wp-content\/uploads\/2023\/09\/boletim_crb-1_ano_01_n._01_2023.pdf\" target=\"_blank\"><br \/>\n<img decoding=\"async\" src=\"https:\/\/crb1.org.br\/site\/wp-content\/uploads\/2023\/09\/pdf.png\" \/><br \/>\n<\/a><\/p>\n<p><a class=\"elementor-button elementor-button-link elementor-size-sm\" href=\"https:\/\/crb1.org.br\/site\/wp-content\/uploads\/2023\/09\/boletim_crb-1_ano_01_n._01_2023.pdf\" target=\"_blank\">VER BOLETIM<\/a><br \/>\n<\/center><\/p>\n<\/div>\n\t\t\t\t\t\t<\/div>\n\t\t\t\t<\/div>\n\t\t\t\t\t<\/div>\n\t\t\t\t<\/div>\n\t\t\t\t<\/div>\n\t\t\t\t<\/div>\n\t\t\n\t\t\t\t\t\t<\/div>\n\t\t\t\t<\/div>\n\t\t\t\t\t<\/div>\n\t\t\t\t<\/div>\n\t\t\t\t<\/div>\n\t\t","protected":false},"excerpt":{"rendered":"<p>Boletim CRB-1 informa\u00e7\u00f5es relevantes \u00e0s Bibliotec\u00e1rias e Bibliotec\u00e1rios da nossa jurisdi\u00e7\u00e3o. O Conselho Regional de Bibloteconomia da 1\u00aa Regi\u00e3o (CRB-1) lan\u00e7a o Boletim CRB-1. Este espa\u00e7o contar\u00e1 com as principais a\u00e7\u00f5es realizadas pelo CRB-1, bem como informa\u00e7\u00f5es relevantes \u00e0s Bibliotec\u00e1rias e Bibliotec\u00e1rios da nossa jurisdi\u00e7\u00e3o. A newsletter tem publica\u00e7\u00e3o mensal, mas tamb\u00e9m podem surgir n\u00fameros [&hellip;]<\/p>\n","protected":false},"author":1,"featured_media":0,"parent":0,"menu_order":0,"comment_status":"closed","ping_status":"closed","template":"","meta":{"site-sidebar-layout":"no-sidebar","site-content-layout":"page-builder","ast-site-content-layout":"default","site-content-style":"default","site-sidebar-style":"default","ast-global-header-display":"","ast-banner-title-visibility":"","ast-main-header-display":"","ast-hfb-above-header-display":"","ast-hfb-below-header-display":"","ast-hfb-mobile-header-display":"","site-post-title":"disabled","ast-breadcrumbs-content":"","ast-featured-img":"disabled","footer-sml-layout":"","ast-disable-related-posts":"","theme-transparent-header-meta":"enabled","adv-header-id-meta":"","stick-header-meta":"","header-above-stick-meta":"","header-main-stick-meta":"","header-below-stick-meta":"","astra-migrate-meta-layouts":"default","ast-page-background-enabled":"default","ast-page-background-meta":{"desktop":{"background-color":"","background-image":"","background-repeat":"repeat","background-position":"center center","background-size":"auto","background-attachment":"scroll","background-type":"","background-media":"","overlay-type":"","overlay-color":"","overlay-opacity":"","overlay-gradient":""},"tablet":{"background-color":"","background-image":"","background-repeat":"repeat","background-position":"center center","background-size":"auto","background-attachment":"scroll","background-type":"","background-media":"","overlay-type":"","overlay-color":"","overlay-opacity":"","overlay-gradient":""},"mobile":{"background-color":"","background-image":"","background-repeat":"repeat","background-position":"center center","background-size":"auto","background-attachment":"scroll","background-type":"","background-media":"","overlay-type":"","overlay-color":"","overlay-opacity":"","overlay-gradient":""}},"ast-content-background-meta":{"desktop":{"background-color":"var(--ast-global-color-5)","background-image":"","background-repeat":"repeat","background-position":"center center","background-size":"auto","background-attachment":"scroll","background-type":"","background-media":"","overlay-type":"","overlay-color":"","overlay-opacity":"","overlay-gradient":""},"tablet":{"background-color":"var(--ast-global-color-5)","background-image":"","background-repeat":"repeat","background-position":"center center","background-size":"auto","background-attachment":"scroll","background-type":"","background-media":"","overlay-type":"","overlay-color":"","overlay-opacity":"","overlay-gradient":""},"mobile":{"background-color":"var(--ast-global-color-5)","background-image":"","background-repeat":"repeat","background-position":"center center","background-size":"auto","background-attachment":"scroll","background-type":"","background-media":"","overlay-type":"","overlay-color":"","overlay-opacity":"","overlay-gradient":""}},"footnotes":""},"class_list":["post-2630","page","type-page","status-publish","hentry"],"_links":{"self":[{"href":"https:\/\/crb1.org.br\/site\/wp-json\/wp\/v2\/pages\/2630","targetHints":{"allow":["GET"]}}],"collection":[{"href":"https:\/\/crb1.org.br\/site\/wp-json\/wp\/v2\/pages"}],"about":[{"href":"https:\/\/crb1.org.br\/site\/wp-json\/wp\/v2\/types\/page"}],"author":[{"embeddable":true,"href":"https:\/\/crb1.org.br\/site\/wp-json\/wp\/v2\/users\/1"}],"replies":[{"embeddable":true,"href":"https:\/\/crb1.org.br\/site\/wp-json\/wp\/v2\/comments?post=2630"}],"version-history":[{"count":0,"href":"https:\/\/crb1.org.br\/site\/wp-json\/wp\/v2\/pages\/2630\/revisions"}],"wp:attachment":[{"href":"https:\/\/crb1.org.br\/site\/wp-json\/wp\/v2\/media?parent=2630"}],"curies":[{"name":"wp","href":"https:\/\/api.w.org\/{rel}","templated":true}]}}